{"id":4353,"date":"2024-04-23T09:30:42","date_gmt":"2024-04-23T09:30:42","guid":{"rendered":"https:\/\/muniq-it.de\/?page_id=4353"},"modified":"2024-04-29T10:12:09","modified_gmt":"2024-04-29T10:12:09","slug":"branding","status":"publish","type":"page","link":"https:\/\/muniq-group.de\/it\/branding\/","title":{"rendered":"Branding"},"content":{"rendered":"\t\t<div data-elementor-type=\"wp-page\" data-elementor-id=\"4353\" class=\"elementor elementor-4353\" data-elementor-post-type=\"page\">\n\t\t\t\t<div data-particle_enable=\"false\" data-particle-mobile-disabled=\"false\" class=\"elementor-element elementor-element-7c7aa90d e-flex e-con-boxed e-con e-parent\" data-id=\"7c7aa90d\" data-element_type=\"container\" data-settings=\"{&quot;background_background&quot;:&quot;gradient&quot;}\">\n\t\t\t\t\t<div class=\"e-con-inner\">\n\t\t<div data-particle_enable=\"false\" data-particle-mobile-disabled=\"false\" class=\"elementor-element elementor-element-65bbbeca e-con-full e-flex e-con e-child\" data-id=\"65bbbeca\" data-element_type=\"container\">\n\t\t\t\t<div class=\"elementor-element elementor-element-501a5a95 elementor-widget elementor-widget-jkit_animated_text\" data-id=\"501a5a95\" data-element_type=\"widget\" data-widget_type=\"jkit_animated_text.default\">\n\t\t\t\t<div class=\"elementor-widget-container\">\n\t\t\t<div  class=\"jeg-elementor-kit jkit-animated-text jeg_module___69daf41504e95\"  data-style=\"rotating\" data-text=\"Markenbildung,Web Design,Video,Grafikdesign,SEO,Fotografie,E-Commerce,Webanwendungen\" data-rotate=\"slide-up\" data-delay=\"2500\"><h1 class=\"animated-text\"><span class=\"normal-text style-color\"><\/span><span class=\"dynamic-wrapper style-color\"><span class=\"dynamic-text\">Markenbildung<\/span><span class=\"dynamic-text\">Web Design<\/span><span class=\"dynamic-text\">Video<\/span><span class=\"dynamic-text\">Grafikdesign<\/span><span class=\"dynamic-text\">SEO<\/span><span class=\"dynamic-text\">Fotografie<\/span><span class=\"dynamic-text\">E-Commerce<\/span><span class=\"dynamic-text\">Webanwendungen<\/span><\/span><span class=\"normal-text style-color\"><\/span><\/h1><\/div>\t\t<\/div>\n\t\t\t\t<\/div>\n\t\t<div data-particle_enable=\"false\" data-particle-mobile-disabled=\"false\" class=\"elementor-element elementor-element-4effab65 e-con-full e-flex e-con e-child\" data-id=\"4effab65\" data-element_type=\"container\">\n\t\t\t\t<div class=\"elementor-element elementor-element-ad6d501 animated-fast elementor-invisible elementor-widget elementor-widget-jkit_heading\" data-id=\"ad6d501\" data-element_type=\"widget\" data-settings=\"{&quot;_animation&quot;:&quot;slideInUp&quot;,&quot;_animation_delay&quot;:200}\" data-widget_type=\"jkit_heading.default\">\n\t\t\t\t<div class=\"elementor-widget-container\">\n\t\t\t<div  class=\"jeg-elementor-kit jkit-heading  align-center align-tablet- align-mobile-center jeg_module__1_69daf41508eb4\" ><div class=\"heading-section-title  display-inline-block\"><h2 class=\"heading-title\">Markenbildung ist<span class=\"style-color\"><span>der erste<\/span><\/span>und wichtigste Schritt im Marketing.<\/h2><\/div><\/div>\t\t<\/div>\n\t\t\t\t<\/div>\n\t\t\t\t<\/div>\n\t\t\t\t<\/div>\n\t\t\t\t\t<\/div>\n\t\t\t\t<\/div>\n\t\t<div data-particle_enable=\"false\" data-particle-mobile-disabled=\"false\" class=\"elementor-element elementor-element-1412e5cb e-con-full e-flex e-con e-parent\" data-id=\"1412e5cb\" data-element_type=\"container\">\n\t\t<div data-particle_enable=\"false\" data-particle-mobile-disabled=\"false\" class=\"elementor-element elementor-element-60be804b e-con-full e-flex e-con e-child\" data-id=\"60be804b\" data-element_type=\"container\">\n\t\t\t\t<div class=\"elementor-element elementor-element-2f423f94 elementor-widget elementor-widget-image\" data-id=\"2f423f94\" data-element_type=\"widget\" data-widget_type=\"image.default\">\n\t\t\t\t<div class=\"elementor-widget-container\">\n\t\t\t<style>\/*! elementor - v3.21.0 - 30-04-2024 *\/\n.elementor-widget-image{text-align:center}.elementor-widget-image a{display:inline-block}.elementor-widget-image a img[src$=\".svg\"]{width:48px}.elementor-widget-image img{vertical-align:middle;display:inline-block}<\/style>\t\t\t\t\t\t\t\t\t\t<img fetchpriority=\"high\" decoding=\"async\" width=\"1920\" height=\"600\" src=\"https:\/\/muniq-group.de\/it\/wp-content\/uploads\/2024\/04\/Shape-026.png\" class=\"attachment-full size-full wp-image-4377\" alt=\"\" \/>\t\t\t\t\t\t\t\t\t\t\t\t\t<\/div>\n\t\t\t\t<\/div>\n\t\t<div data-particle_enable=\"false\" data-particle-mobile-disabled=\"false\" class=\"elementor-element elementor-element-1d510a4d e-flex e-con-boxed e-con e-child\" data-id=\"1d510a4d\" data-element_type=\"container\">\n\t\t\t\t\t<div class=\"e-con-inner\">\n\t\t\t\t<div class=\"elementor-element elementor-element-54a9d8c4 elementor-widget__width-initial elementor-hidden-desktop elementor-hidden-tablet elementor-hidden-mobile elementor-widget elementor-widget-text-editor\" data-id=\"54a9d8c4\" data-element_type=\"widget\" data-widget_type=\"text-editor.default\">\n\t\t\t\t<div class=\"elementor-widget-container\">\n\t\t\t<style>\/*! elementor - v3.21.0 - 30-04-2024 *\/\n.elementor-widget-text-editor.elementor-drop-cap-view-stacked .elementor-drop-cap{background-color:#69727d;color:#fff}.elementor-widget-text-editor.elementor-drop-cap-view-framed .elementor-drop-cap{color:#69727d;border:3px solid;background-color:transparent}.elementor-widget-text-editor:not(.elementor-drop-cap-view-default) .elementor-drop-cap{margin-top:8px}.elementor-widget-text-editor:not(.elementor-drop-cap-view-default) .elementor-drop-cap-letter{width:1em;height:1em}.elementor-widget-text-editor .elementor-drop-cap{float:left;text-align:center;line-height:1;font-size:50px}.elementor-widget-text-editor .elementor-drop-cap-letter{display:inline-block}<\/style>\t\t\t\t<p>Lorem ipsum dolor sit amet consectetur adipiscing elit aliquam, sociosqu tristique mus class mollis feugiat volutpat himenaeos sapien, nulla litora vulputate hendrerit duis accumsan porttitor.<\/p>\t\t\t\t\t\t<\/div>\n\t\t\t\t<\/div>\n\t\t\t\t\t<\/div>\n\t\t\t\t<\/div>\n\t\t\t\t<\/div>\n\t\t\t\t<\/div>\n\t\t<div data-particle_enable=\"false\" data-particle-mobile-disabled=\"false\" class=\"elementor-element elementor-element-63d2daa9 e-flex e-con-boxed e-con e-parent\" data-id=\"63d2daa9\" data-element_type=\"container\">\n\t\t\t\t\t<div class=\"e-con-inner\">\n\t\t\t\t<div class=\"elementor-element elementor-element-453fa4eb elementor-widget elementor-widget-heading\" data-id=\"453fa4eb\" data-element_type=\"widget\" data-widget_type=\"heading.default\">\n\t\t\t\t<div class=\"elementor-widget-container\">\n\t\t\t<style>\/*! elementor - v3.21.0 - 30-04-2024 *\/\n.elementor-heading-title{padding:0;margin:0;line-height:1}.elementor-widget-heading .elementor-heading-title[class*=elementor-size-]>a{color:inherit;font-size:inherit;line-height:inherit}.elementor-widget-heading .elementor-heading-title.elementor-size-small{font-size:15px}.elementor-widget-heading .elementor-heading-title.elementor-size-medium{font-size:19px}.elementor-widget-heading .elementor-heading-title.elementor-size-large{font-size:29px}.elementor-widget-heading .elementor-heading-title.elementor-size-xl{font-size:39px}.elementor-widget-heading .elementor-heading-title.elementor-size-xxl{font-size:59px}<\/style><h4 class=\"elementor-heading-title elementor-size-default\">Vertraut von mehr als 700+ Unternehmen in \u00fcber 50+ L\u00e4ndern.<\/h4>\t\t<\/div>\n\t\t\t\t<\/div>\n\t\t\t\t<div class=\"elementor-element elementor-element-161ca61a elementor-widget elementor-widget-jkit_client_logo\" data-id=\"161ca61a\" data-element_type=\"widget\" data-widget_type=\"jkit_client_logo.default\">\n\t\t\t\t<div class=\"elementor-widget-container\">\n\t\t\t<div  class=\"jeg-elementor-kit jkit-client-logo arrow-bottom-middle jeg_module__2_69daf4150ed20\"  data-id=\"jeg_module__2_69daf4150ed20\" data-settings=\"{&quot;autoplay&quot;:false,&quot;autoplay_speed&quot;:3000,&quot;autoplay_hover_pause&quot;:false,&quot;show_navigation&quot;:false,&quot;navigation_left&quot;:&quot;&lt;span&gt;&lt;svg aria-hidden=\\&quot;true\\&quot; class=\\&quot;e-font-icon-svg e-fas-angle-left\\&quot; viewBox=\\&quot;0 0 256 512\\&quot; xmlns=\\&quot;http:\\\/\\\/www.w3.org\\\/2000\\\/svg\\&quot;&gt;&lt;path d=\\&quot;M31.7 239l136-136c9.4-9.4 24.6-9.4 33.9 0l22.6 22.6c9.4 9.4 9.4 24.6 0 33.9L127.9 256l96.4 96.4c9.4 9.4 9.4 24.6 0 33.9L201.7 409c-9.4 9.4-24.6 9.4-33.9 0l-136-136c-9.5-9.4-9.5-24.6-.1-34z\\&quot;&gt;&lt;\\\/path&gt;&lt;\\\/svg&gt;&lt;\\\/span&gt;&quot;,&quot;navigation_right&quot;:&quot;&lt;span&gt;&lt;svg aria-hidden=\\&quot;true\\&quot; class=\\&quot;e-font-icon-svg e-fas-angle-right\\&quot; viewBox=\\&quot;0 0 256 512\\&quot; xmlns=\\&quot;http:\\\/\\\/www.w3.org\\\/2000\\\/svg\\&quot;&gt;&lt;path d=\\&quot;M224.3 273l-136 136c-9.4 9.4-24.6 9.4-33.9 0l-22.6-22.6c-9.4-9.4-9.4-24.6 0-33.9l96.4-96.4-96.4-96.4c-9.4-9.4-9.4-24.6 0-33.9L54.3 103c9.4-9.4 24.6-9.4 33.9 0l136 136c9.5 9.4 9.5 24.6.1 34z\\&quot;&gt;&lt;\\\/path&gt;&lt;\\\/svg&gt;&lt;\\\/span&gt;&quot;,&quot;show_dots&quot;:false,&quot;arrow_position&quot;:&quot;bottom&quot;,&quot;responsive&quot;:{&quot;desktop&quot;:{&quot;items&quot;:6,&quot;margin&quot;:30,&quot;breakpoint&quot;:1025},&quot;tablet&quot;:{&quot;items&quot;:4,&quot;margin&quot;:30,&quot;breakpoint&quot;:768},&quot;mobile&quot;:{&quot;items&quot;:2,&quot;margin&quot;:15,&quot;breakpoint&quot;:0}}}\"><div class=\"client-list\"><div class=\"client-track\"><div class=\"client-slider item \"><div class=\"image-list\"><div class=\"content-image\"><img decoding=\"async\" width=\"992\" height=\"418\" src=\"https:\/\/muniq-group.de\/it\/wp-content\/uploads\/2024\/04\/logo-preview-2.png\" class=\"main-image\" alt=\"Title\" url=\"https:\/\/muniq-it.de\/wp-content\/uploads\/2024\/04\/logo-preview-2.png\" \/><\/div><\/div><\/div><div class=\"client-slider item \"><div class=\"image-list\"><div class=\"content-image\"><img decoding=\"async\" width=\"992\" height=\"418\" src=\"https:\/\/muniq-group.de\/it\/wp-content\/uploads\/2024\/04\/logo-preview-10.png\" class=\"main-image\" alt=\"Title\" url=\"https:\/\/muniq-it.de\/wp-content\/uploads\/2024\/04\/logo-preview-10.png\" \/><\/div><\/div><\/div><div class=\"client-slider item \"><div class=\"image-list\"><div class=\"content-image\"><img loading=\"lazy\" decoding=\"async\" width=\"992\" height=\"418\" src=\"https:\/\/muniq-group.de\/it\/wp-content\/uploads\/2024\/04\/logo-preview-3.png\" class=\"main-image\" alt=\"Title\" url=\"https:\/\/muniq-it.de\/wp-content\/uploads\/2024\/04\/logo-preview-3.png\" \/><\/div><\/div><\/div><div class=\"client-slider item \"><div class=\"image-list\"><div class=\"content-image\"><img loading=\"lazy\" decoding=\"async\" width=\"992\" height=\"418\" src=\"https:\/\/muniq-group.de\/it\/wp-content\/uploads\/2024\/04\/logo-preview-4.png\" class=\"main-image\" alt=\"Title\" url=\"https:\/\/muniq-it.de\/wp-content\/uploads\/2024\/04\/logo-preview-4.png\" \/><\/div><\/div><\/div><div class=\"client-slider item \"><div class=\"image-list\"><div class=\"content-image\"><img loading=\"lazy\" decoding=\"async\" width=\"992\" height=\"418\" src=\"https:\/\/muniq-group.de\/it\/wp-content\/uploads\/2024\/04\/logo-preview-6.png\" class=\"main-image\" alt=\"Title\" url=\"https:\/\/muniq-it.de\/wp-content\/uploads\/2024\/04\/logo-preview-6.png\" \/><\/div><\/div><\/div><div class=\"client-slider item \"><div class=\"image-list\"><div class=\"content-image\"><img loading=\"lazy\" decoding=\"async\" width=\"992\" height=\"418\" src=\"https:\/\/muniq-group.de\/it\/wp-content\/uploads\/2024\/04\/logo-preview-8.png\" class=\"main-image\" alt=\"Title\" url=\"https:\/\/muniq-it.de\/wp-content\/uploads\/2024\/04\/logo-preview-8.png\" \/><\/div><\/div><\/div><div class=\"client-slider item \"><div class=\"image-list\"><div class=\"content-image\"><img loading=\"lazy\" decoding=\"async\" width=\"992\" height=\"418\" src=\"https:\/\/muniq-group.de\/it\/wp-content\/uploads\/2024\/04\/logo-preview-1.png\" class=\"main-image\" alt=\"Title\" url=\"https:\/\/muniq-it.de\/wp-content\/uploads\/2024\/04\/logo-preview-1.png\" \/><\/div><\/div><\/div><\/div><\/div><\/div>\t\t<\/div>\n\t\t\t\t<\/div>\n\t\t\t\t\t<\/div>\n\t\t\t\t<\/div>\n\t\t<div data-particle_enable=\"false\" data-particle-mobile-disabled=\"false\" class=\"elementor-element elementor-element-16969c68 e-flex e-con-boxed e-con e-parent\" data-id=\"16969c68\" data-element_type=\"container\">\n\t\t\t\t\t<div class=\"e-con-inner\">\n\t\t<div data-particle_enable=\"false\" data-particle-mobile-disabled=\"false\" class=\"elementor-element elementor-element-1ac30f9a e-con-full e-flex e-con e-child\" data-id=\"1ac30f9a\" data-element_type=\"container\">\n\t\t\t\t<div class=\"elementor-element elementor-element-ffc1ee4 elementor-widget elementor-widget-heading\" data-id=\"ffc1ee4\" data-element_type=\"widget\" data-widget_type=\"heading.default\">\n\t\t\t\t<div class=\"elementor-widget-container\">\n\t\t\t<h2 class=\"elementor-heading-title elementor-size-default\">Branding - und Strategiedienste<\/h2>\t\t<\/div>\n\t\t\t\t<\/div>\n\t\t\t\t<\/div>\n\t\t<div data-particle_enable=\"false\" data-particle-mobile-disabled=\"false\" class=\"elementor-element elementor-element-27cb1700 e-con-full e-flex e-con e-child\" data-id=\"27cb1700\" data-element_type=\"container\">\n\t\t<div data-particle_enable=\"false\" data-particle-mobile-disabled=\"false\" class=\"elementor-element elementor-element-3528fa6a e-con-full animated-fast e-flex elementor-invisible e-con e-child\" data-id=\"3528fa6a\" data-element_type=\"container\" data-settings=\"{&quot;animation&quot;:&quot;slideInUp&quot;,&quot;animation_delay&quot;:150,&quot;background_background&quot;:&quot;classic&quot;}\">\n\t\t\t\t<div class=\"elementor-element elementor-element-3e68c204 elementor-widget__width-initial elementor-widget elementor-widget-jkit_heading\" data-id=\"3e68c204\" data-element_type=\"widget\" data-widget_type=\"jkit_heading.default\">\n\t\t\t\t<div class=\"elementor-widget-container\">\n\t\t\t<div  class=\"jeg-elementor-kit jkit-heading  align-left align-tablet- align-mobile- jeg_module__3_69daf415141c6\" ><div class=\"heading-section-title  display-inline-block\"><h4 class=\"heading-title\">Marken-geschichte <\/h4><\/div><div class=\"heading-section-description\"><p>Erz\u00e4hlen Sie die einzigartige Geschichte Ihrer Marke und verbinden Sie emotional mit Ihrer Zielgruppe.<\/p><\/div><\/div>\t\t<\/div>\n\t\t\t\t<\/div>\n\t\t\t\t<\/div>\n\t\t<div data-particle_enable=\"false\" data-particle-mobile-disabled=\"false\" class=\"elementor-element elementor-element-2bc383d5 e-con-full animated-fast e-flex elementor-invisible e-con e-child\" data-id=\"2bc383d5\" data-element_type=\"container\" data-settings=\"{&quot;animation&quot;:&quot;slideInUp&quot;,&quot;animation_delay&quot;:150,&quot;background_background&quot;:&quot;classic&quot;}\">\n\t\t\t\t<div class=\"elementor-element elementor-element-4c16d097 elementor-widget__width-initial elementor-widget elementor-widget-jkit_heading\" data-id=\"4c16d097\" data-element_type=\"widget\" data-widget_type=\"jkit_heading.default\">\n\t\t\t\t<div class=\"elementor-widget-container\">\n\t\t\t<div  class=\"jeg-elementor-kit jkit-heading  align-left align-tablet- align-mobile- jeg_module__4_69daf4151523a\" ><div class=\"heading-section-title  display-inline-block\"><h4 class=\"heading-title\">Forschung &amp; Strategie<\/h4><\/div><div class=\"heading-section-description\"><p>Entwickeln Sie eine fundierte Strategie basierend auf gr\u00fcndlicher Marktforschung, um Ihre Gesch\u00e4ftsziele zu erreichen.<\/p><\/div><\/div>\t\t<\/div>\n\t\t\t\t<\/div>\n\t\t\t\t<\/div>\n\t\t<div data-particle_enable=\"false\" data-particle-mobile-disabled=\"false\" class=\"elementor-element elementor-element-cc6702b e-con-full animated-fast e-flex elementor-invisible e-con e-child\" data-id=\"cc6702b\" data-element_type=\"container\" data-settings=\"{&quot;animation&quot;:&quot;slideInUp&quot;,&quot;animation_delay&quot;:150,&quot;background_background&quot;:&quot;classic&quot;}\">\n\t\t\t\t<div class=\"elementor-element elementor-element-5e2b3010 elementor-widget__width-initial elementor-widget elementor-widget-jkit_heading\" data-id=\"5e2b3010\" data-element_type=\"widget\" data-widget_type=\"jkit_heading.default\">\n\t\t\t\t<div class=\"elementor-widget-container\">\n\t\t\t<div  class=\"jeg-elementor-kit jkit-heading  align-left align-tablet- align-mobile- jeg_module__5_69daf415162ca\" ><div class=\"heading-section-title  display-inline-block\"><h4 class=\"heading-title\">Visuelle Identit\u00e4t<\/h4><\/div><div class=\"heading-section-description\"><p>Gestalten Sie ein unverwechselbares visuelles Erscheinungsbild, das Ihre Marke auf allen Plattformen repr\u00e4sentiert.<\/p><\/div><\/div>\t\t<\/div>\n\t\t\t\t<\/div>\n\t\t\t\t<\/div>\n\t\t<div data-particle_enable=\"false\" data-particle-mobile-disabled=\"false\" class=\"elementor-element elementor-element-7f2281b7 e-con-full animated-fast e-flex elementor-invisible e-con e-child\" data-id=\"7f2281b7\" data-element_type=\"container\" data-settings=\"{&quot;animation&quot;:&quot;slideInUp&quot;,&quot;animation_delay&quot;:150,&quot;background_background&quot;:&quot;classic&quot;}\">\n\t\t\t\t<div class=\"elementor-element elementor-element-19ccfd9 elementor-widget__width-initial elementor-widget elementor-widget-jkit_heading\" data-id=\"19ccfd9\" data-element_type=\"widget\" data-widget_type=\"jkit_heading.default\">\n\t\t\t\t<div class=\"elementor-widget-container\">\n\t\t\t<div  class=\"jeg-elementor-kit jkit-heading  align-left align-tablet- align-mobile- jeg_module__6_69daf415171d4\" ><div class=\"heading-section-title  display-inline-block\"><h4 class=\"heading-title\">Texterstellung <\/h4><\/div><div class=\"heading-section-description\"><p>Kreieren Sie \u00fcberzeugende Inhalte, die Ihre Botschaft klar kommunizieren und das Interesse Ihrer Kunden wecken.<\/p><\/div><\/div>\t\t<\/div>\n\t\t\t\t<\/div>\n\t\t\t\t<\/div>\n\t\t<div data-particle_enable=\"false\" data-particle-mobile-disabled=\"false\" class=\"elementor-element elementor-element-7873f78a e-con-full animated-fast e-flex elementor-invisible e-con e-child\" data-id=\"7873f78a\" data-element_type=\"container\" data-settings=\"{&quot;animation&quot;:&quot;slideInUp&quot;,&quot;animation_delay&quot;:150,&quot;background_background&quot;:&quot;classic&quot;}\">\n\t\t\t\t<div class=\"elementor-element elementor-element-51f96116 elementor-widget__width-initial elementor-widget elementor-widget-jkit_heading\" data-id=\"51f96116\" data-element_type=\"widget\" data-widget_type=\"jkit_heading.default\">\n\t\t\t\t<div class=\"elementor-widget-container\">\n\t\t\t<div  class=\"jeg-elementor-kit jkit-heading  align-left align-tablet- align-mobile- jeg_module__7_69daf41518288\" ><div class=\"heading-section-title  display-inline-block\"><h4 class=\"heading-title\">Marktforschung <\/h4><\/div><div class=\"heading-section-description\"><p>Verstehen Sie Ihre Zielgruppe und den Markt besser, um informierte Entscheidungen zu treffen und Chancen zu nutzen.<\/p><\/div><\/div>\t\t<\/div>\n\t\t\t\t<\/div>\n\t\t\t\t<\/div>\n\t\t<div data-particle_enable=\"false\" data-particle-mobile-disabled=\"false\" class=\"elementor-element elementor-element-542175c e-con-full animated-fast e-flex elementor-invisible e-con e-child\" data-id=\"542175c\" data-element_type=\"container\" data-settings=\"{&quot;animation&quot;:&quot;slideInUp&quot;,&quot;animation_delay&quot;:150,&quot;background_background&quot;:&quot;classic&quot;}\">\n\t\t\t\t<div class=\"elementor-element elementor-element-6bbc9e8e elementor-widget__width-initial elementor-widget elementor-widget-jkit_heading\" data-id=\"6bbc9e8e\" data-element_type=\"widget\" data-widget_type=\"jkit_heading.default\">\n\t\t\t\t<div class=\"elementor-widget-container\">\n\t\t\t<div  class=\"jeg-elementor-kit jkit-heading  align-left align-tablet- align-mobile- jeg_module__8_69daf41519216\" ><div class=\"heading-section-title  display-inline-block\"><h4 class=\"heading-title\">Branding-Elemente<\/h4><\/div><div class=\"heading-section-description\"><p>Entwickeln Sie wichtige Branding-Elemente wie Logos, Schriftarten und Farbschemata, die Ihre Markenidentit\u00e4t st\u00e4rken.<\/p><\/div><\/div>\t\t<\/div>\n\t\t\t\t<\/div>\n\t\t\t\t<\/div>\n\t\t\t\t<\/div>\n\t\t\t\t\t<\/div>\n\t\t\t\t<\/div>\n\t\t<div data-particle_enable=\"false\" data-particle-mobile-disabled=\"false\" class=\"elementor-element elementor-element-38fe354a e-con-full e-flex e-con e-parent\" data-id=\"38fe354a\" data-element_type=\"container\">\n\t\t<div data-particle_enable=\"false\" data-particle-mobile-disabled=\"false\" class=\"elementor-element elementor-element-183f4630 e-con-full e-flex e-con e-child\" data-id=\"183f4630\" data-element_type=\"container\" data-settings=\"{&quot;background_background&quot;:&quot;classic&quot;}\">\n\t\t<div data-particle_enable=\"false\" data-particle-mobile-disabled=\"false\" class=\"elementor-element elementor-element-5ddba21c e-flex e-con-boxed e-con e-child\" data-id=\"5ddba21c\" data-element_type=\"container\">\n\t\t\t\t\t<div class=\"e-con-inner\">\n\t\t<div data-particle_enable=\"false\" data-particle-mobile-disabled=\"false\" class=\"elementor-element elementor-element-63b87f4c e-con-full e-flex e-con e-child\" data-id=\"63b87f4c\" data-element_type=\"container\">\n\t\t\t\t<div class=\"elementor-element elementor-element-642926e elementor-widget__width-initial jkit-equal-height-disable elementor-invisible elementor-widget elementor-widget-jkit_icon_box\" data-id=\"642926e\" data-element_type=\"widget\" data-settings=\"{&quot;_animation&quot;:&quot;fadeIn&quot;,&quot;_animation_delay&quot;:200}\" data-widget_type=\"jkit_icon_box.default\">\n\t\t\t\t<div class=\"elementor-widget-container\">\n\t\t\t<div  class=\"jeg-elementor-kit jkit-icon-box icon-position-left elementor-animation- jeg_module__9_69daf4151d2b2\" ><div class=\"jkit-icon-box-wrapper hover-from-left\"><div class=\"icon-box icon-box-header elementor-animation-\"><div class=\"icon style-color\"><\/div><\/div><div class=\"icon-box icon-box-body\">\n                <h4 class=\"title\">Kontaktiere uns<\/h4>\n            <\/div>\n            \n            <\/div><\/div>\t\t<\/div>\n\t\t\t\t<\/div>\n\t\t\t\t<div class=\"elementor-element elementor-element-36c1974b animated-fast elementor-invisible elementor-widget elementor-widget-jkit_heading\" data-id=\"36c1974b\" data-element_type=\"widget\" data-settings=\"{&quot;_animation&quot;:&quot;slideInUp&quot;,&quot;_animation_delay&quot;:200}\" data-widget_type=\"jkit_heading.default\">\n\t\t\t\t<div class=\"elementor-widget-container\">\n\t\t\t<div  class=\"jeg-elementor-kit jkit-heading  align-left align-tablet- align-mobile-center jeg_module__10_69daf4151dda5\" ><div class=\"heading-section-title  display-inline-block\"><h2 class=\"heading-title\">Lassen wir gemeinsam<span class=\"style-color\"><span>das beste Erlebnis<\/span><\/span>f\u00fcr Ihr Unternehmen schaffen.<\/h2><\/div><\/div>\t\t<\/div>\n\t\t\t\t<\/div>\n\t\t\t\t<div class=\"elementor-element elementor-element-3f77556 elementor-align-left elementor-widget elementor-widget-global elementor-global-4965 elementor-widget-zumar-button\" data-id=\"3f77556\" data-element_type=\"widget\" data-widget_type=\"zumar-button.default\">\n\t\t\t\t<div class=\"elementor-widget-container\">\n\t\t\t<div\r\n    class=\"zumar-button\">\r\n        <span class=\"zumar-button-circle\"><\/span>\r\n        <a href=\"#\"\r\n        \t\t class=\"butn butn_underLine text-uppercase zumar-button-inner brd-light \">\r\n                <span\r\n            class=\"button_text_container fsz-16 \">\r\n                                                Lasst uns mit unserem Team sprechen                                    <svg xmlns=\"http:\/\/www.w3.org\/2000\/svg\" xmlns:xlink=\"http:\/\/www.w3.org\/1999\/xlink\" width=\"17\" height=\"17\" viewBox=\"0 0 17 17\"><g><\/g><path d=\"M16 0.997v9.003h-1v-7.297l-10.317 10.297-0.707-0.708 10.315-10.295h-7.316v-1h9.025z\" fill=\"#000000\"><\/path><\/svg>                                            <\/span>\r\n            <\/a>\r\n<\/div>\r\n\r\n\t\t<\/div>\n\t\t\t\t<\/div>\n\t\t\t\t<\/div>\n\t\t<div data-particle_enable=\"false\" data-particle-mobile-disabled=\"false\" class=\"elementor-element elementor-element-799a4b4c e-con-full e-flex e-con e-child\" data-id=\"799a4b4c\" data-element_type=\"container\">\n\t\t\t\t<div class=\"elementor-element elementor-element-6c91e21 elementor-widget elementor-widget-image\" data-id=\"6c91e21\" data-element_type=\"widget\" data-widget_type=\"image.default\">\n\t\t\t\t<div class=\"elementor-widget-container\">\n\t\t\t\t\t\t\t\t\t\t\t\t\t<img loading=\"lazy\" decoding=\"async\" width=\"1000\" height=\"1136\" src=\"https:\/\/muniq-group.de\/it\/wp-content\/uploads\/2024\/04\/quantom11.webp\" class=\"attachment-full size-full wp-image-4631\" alt=\"\" \/>\t\t\t\t\t\t\t\t\t\t\t\t\t<\/div>\n\t\t\t\t<\/div>\n\t\t\t\t<\/div>\n\t\t\t\t\t<\/div>\n\t\t\t\t<\/div>\n\t\t\t\t<\/div>\n\t\t\t\t<\/div>\n\t\t\t\t<\/div>\n\t\t","protected":false},"excerpt":{"rendered":"<p>MarkenbildungWeb DesignVideoGrafikdesignSEOFotografieE-CommerceWebanwendungen Markenbildung istder ersteund wichtigste Schritt im Marketing. Lorem ipsum dolor sit amet consectetur adipiscing elit aliquam, sociosqu tristique mus class mollis feugiat volutpat himenaeos sapien, nulla litora vulputate hendrerit duis accumsan porttitor. Vertraut von mehr als 700+ Unternehmen in \u00fcber 50+ L\u00e4ndern. Branding &#8211; und Strategiedienste Marken-geschichte Erz\u00e4hlen Sie die einzigartige Geschichte Ihrer Marke und verbinden Sie emotional &hellip;<\/p>\n","protected":false},"author":23,"featured_media":0,"parent":0,"menu_order":0,"comment_status":"closed","ping_status":"closed","template":"blank-builder.php","meta":{"footnotes":""},"class_list":["post-4353","page","type-page","status-publish","hentry"],"_links":{"self":[{"href":"https:\/\/muniq-group.de\/it\/wp-json\/wp\/v2\/pages\/4353","targetHints":{"allow":["GET"]}}],"collection":[{"href":"https:\/\/muniq-group.de\/it\/wp-json\/wp\/v2\/pages"}],"about":[{"href":"https:\/\/muniq-group.de\/it\/wp-json\/wp\/v2\/types\/page"}],"author":[{"embeddable":true,"href":"https:\/\/muniq-group.de\/it\/wp-json\/wp\/v2\/users\/23"}],"replies":[{"embeddable":true,"href":"https:\/\/muniq-group.de\/it\/wp-json\/wp\/v2\/comments?post=4353"}],"version-history":[{"count":178,"href":"https:\/\/muniq-group.de\/it\/wp-json\/wp\/v2\/pages\/4353\/revisions"}],"predecessor-version":[{"id":4986,"href":"https:\/\/muniq-group.de\/it\/wp-json\/wp\/v2\/pages\/4353\/revisions\/4986"}],"wp:attachment":[{"href":"https:\/\/muniq-group.de\/it\/wp-json\/wp\/v2\/media?parent=4353"}],"curies":[{"name":"wp","href":"https:\/\/api.w.org\/{rel}","templated":true}]}}