{"id":4467,"date":"2024-04-25T08:12:11","date_gmt":"2024-04-25T08:12:11","guid":{"rendered":"https:\/\/muniq-it.de\/?page_id=4467"},"modified":"2024-09-04T07:23:04","modified_gmt":"2024-09-04T07:23:04","slug":"impressum","status":"publish","type":"page","link":"https:\/\/muniq-group.de\/it\/impressum\/","title":{"rendered":"Impressum"},"content":{"rendered":"\t\t<div data-elementor-type=\"wp-page\" data-elementor-id=\"4467\" class=\"elementor elementor-4467\" data-elementor-post-type=\"page\">\n\t\t\t\t<div data-particle_enable=\"false\" data-particle-mobile-disabled=\"false\" class=\"elementor-element elementor-element-1a0279c e-flex e-con-boxed e-con e-parent\" data-id=\"1a0279c\" data-element_type=\"container\">\n\t\t\t\t\t<div class=\"e-con-inner\">\n\t\t\t\t<div class=\"elementor-element elementor-element-a025820 elementor-widget elementor-widget-heading\" data-id=\"a025820\" data-element_type=\"widget\" data-widget_type=\"heading.default\">\n\t\t\t\t<div class=\"elementor-widget-container\">\n\t\t\t<style>\/*! elementor - v3.21.0 - 30-04-2024 *\/\n.elementor-heading-title{padding:0;margin:0;line-height:1}.elementor-widget-heading .elementor-heading-title[class*=elementor-size-]>a{color:inherit;font-size:inherit;line-height:inherit}.elementor-widget-heading .elementor-heading-title.elementor-size-small{font-size:15px}.elementor-widget-heading .elementor-heading-title.elementor-size-medium{font-size:19px}.elementor-widget-heading .elementor-heading-title.elementor-size-large{font-size:29px}.elementor-widget-heading .elementor-heading-title.elementor-size-xl{font-size:39px}.elementor-widget-heading .elementor-heading-title.elementor-size-xxl{font-size:59px}<\/style><h2 class=\"elementor-heading-title elementor-size-default\">Datenschutz<\/h2>\t\t<\/div>\n\t\t\t\t<\/div>\n\t\t\t\t<div class=\"elementor-element elementor-element-b9b287a elementor-widget elementor-widget-text-editor\" data-id=\"b9b287a\" data-element_type=\"widget\" data-widget_type=\"text-editor.default\">\n\t\t\t\t<div class=\"elementor-widget-container\">\n\t\t\t<style>\/*! elementor - v3.21.0 - 30-04-2024 *\/\n.elementor-widget-text-editor.elementor-drop-cap-view-stacked .elementor-drop-cap{background-color:#69727d;color:#fff}.elementor-widget-text-editor.elementor-drop-cap-view-framed .elementor-drop-cap{color:#69727d;border:3px solid;background-color:transparent}.elementor-widget-text-editor:not(.elementor-drop-cap-view-default) .elementor-drop-cap{margin-top:8px}.elementor-widget-text-editor:not(.elementor-drop-cap-view-default) .elementor-drop-cap-letter{width:1em;height:1em}.elementor-widget-text-editor .elementor-drop-cap{float:left;text-align:center;line-height:1;font-size:50px}.elementor-widget-text-editor .elementor-drop-cap-letter{display:inline-block}<\/style>\t\t\t\t<p><strong>Impressum<\/strong><\/p><p><strong>Muniq IT Solutions GmbH<\/strong><br \/>Raiffeisenstra\u00dfe 1b<br \/>85716 Unterschlei\u00dfheim<br \/>Deutschland<\/p><p>Telefon: 089 2000 3510<br \/>E-Mail: <a target=\"_new\">office@muniq-group.de<\/a><\/p><p>Gesch\u00e4ftsf\u00fchrer: Armin Kaiser<br \/>Handelsregister:\u00a0<span style=\"text-align: var(--text-align);\">HRB 289310<br \/><\/span><span style=\"text-align: var(--text-align);\">Umsatzsteuer-ID:\u00a0<\/span>DE365371397<\/p><p><strong>Die &#8216;Muniq Group&#8217; ist keine registrierte rechtliche Einheit. Sie stellt eine Zusammenfassung mehrerer unabh\u00e4ngiger und registrierter Unternehmen dar.<\/strong><\/p>\t\t\t\t\t\t<\/div>\n\t\t\t\t<\/div>\n\t\t\t\t<div class=\"elementor-element elementor-element-73f27fc elementor-widget elementor-widget-heading\" data-id=\"73f27fc\" data-element_type=\"widget\" data-widget_type=\"heading.default\">\n\t\t\t\t<div class=\"elementor-widget-container\">\n\t\t\t<h2 class=\"elementor-heading-title elementor-size-default\">Datenschutz<\/h2>\t\t<\/div>\n\t\t\t\t<\/div>\n\t\t\t\t<div class=\"elementor-element elementor-element-e2b1a08 elementor-widget elementor-widget-text-editor\" data-id=\"e2b1a08\" data-element_type=\"widget\" data-widget_type=\"text-editor.default\">\n\t\t\t\t<div class=\"elementor-widget-container\">\n\t\t\t\t\t\t\t<p><strong>Datenschutz<\/strong><\/p><p>Wir erheben und verwenden Ihre personenbezogenen Daten ausschlie\u00dflich im Rahmen der Bestimmungen des Datenschutzrechts der Bundesrepublik Deutschland. Im Folgenden unterrichten wir Sie \u00fcber Art, Umfang und Zwecke der Erhebung und Verwendung personenbezogener Daten. Sie k\u00f6nnen diese Unterrichtung jederzeit auf unserer Webseite abrufen.<\/p><p><strong>Daten\u00fcbermittlung und Protokollierung<\/strong><br \/>Ihr Internet-Browser \u00fcbermittelt beim Zugriff auf unsere Webseite aus technischen Gr\u00fcnden automatisch Daten an unseren Webserver. Es handelt sich dabei unter anderem um Datum und Uhrzeit des Zugriffs, URL der verweisenden Webseite, abgerufene Datei, Menge der gesendeten Daten, Browsertyp und -version, Betriebssystem sowie Ihre IP-Adresse. Diese Daten werden getrennt von anderen Daten, die Sie im Rahmen der Nutzung unseres Angebotes eingeben, gespeichert. Eine Zuordnung dieser Daten zu einer bestimmten Person ist uns nicht m\u00f6glich. Diese Daten werden zu statistischen Zwecken ausgewertet und im Anschluss gel\u00f6scht.<\/p><p><strong>Bestandsdaten<\/strong><br \/>Sofern zwischen Ihnen und uns ein Vertragsverh\u00e4ltnis begr\u00fcndet, inhaltlich ausgestaltet oder ge\u00e4ndert werden soll, erheben und verwenden wir personenbezogene Daten von Ihnen, soweit dies zu diesen Zwecken erforderlich ist.<\/p><p><strong>Nutzungsdaten<\/strong><br \/>Wir erheben und verwenden personenbezogene Daten von Ihnen, soweit dies erforderlich ist, um die Inanspruchnahme unseres Internetangebotes zu erm\u00f6glichen oder abzurechnen. Dazu geh\u00f6ren insbesondere Merkmale zu Ihrer Identifikation und Angaben zu Beginn und Ende sowie des Umfangs der Nutzung unseres Angebotes.<\/p><p>F\u00fcr Zwecke der Werbung, der Marktforschung und zur bedarfsgerechten Gestaltung unseres Internetangebotes d\u00fcrfen wir bei Verwendung von Pseudonymen Nutzungsprofile erstellen. Sie haben das Recht, dieser Verwendung Ihrer Daten zu widersprechen. Die Nutzungsprofile d\u00fcrfen wir nicht mit Daten \u00fcber den Tr\u00e4ger des Pseudonyms zusammenf\u00fchren.<\/p><p><strong>Cookies<\/strong><br \/>Um den Funktionsumfang unseres Internetangebotes zu erweitern und die Nutzung f\u00fcr Sie komfortabler zu gestalten, verwenden wir so genannte \u201eCookies\u201c. Mit Hilfe dieser \u201eCookies\u201c k\u00f6nnen bei dem Aufruf unserer Webseite Daten auf Ihrem Rechner gespeichert werden. Sie haben die M\u00f6glichkeit, das Abspeichern von Cookies auf Ihrem Rechner durch entsprechende Einstellungen in Ihrem Browser zu verhindern. Hierdurch k\u00f6nnten allerdings der Funktionsumfang unseres Angebotes eingeschr\u00e4nkt werden.<\/p><p><strong>Auskunftsrecht<\/strong><br \/>Als Nutzer unseres Internetangebotes haben Sie das Recht, von uns Auskunft \u00fcber die zu Ihrer Person oder zu Ihrem Pseudonym gespeicherten Daten zu verlangen. Auf Ihr Verlangen kann die Auskunft auch elektronisch erteilt werden.<\/p><h3 class=\"subContentHeadline-subsection\">Einsatz von Google Analytics<\/h3><p>Diese Website benutzt Google Analytics, einen Webanalysedienst der Google Inc. (\u201eGoogle\u201c). Google Analytics verwendet sog. \u201eCookies\u201c, Textdateien, die auf Ihrem Computer gespeichert werden und die eine Analyse der Benutzung der Website durch Sie erm\u00f6glichen. Die durch den Cookie erzeugten Informationen \u00fcber Ihre Benutzung dieser Website werden in der Regel an einen Server von Google in den USA \u00fcbertragen und dort gespeichert.<\/p><p>Im Falle der Aktivierung der IP-Anonymisierung auf dieser Webseite, wird Ihre IP-Adresse von Google jedoch innerhalb von Mitgliedstaaten der Europ\u00e4ischen Union oder in anderen Vertragsstaaten des Abkommens \u00fcber den Europ\u00e4ischen Wirtschaftsraum zuvor gek\u00fcrzt. Nur in Ausnahmef\u00e4llen wird die volle IP-Adresse an einen Server von Google in den USA \u00fcbertragen und dort gek\u00fcrzt. Die IP-Anonymisierung ist auf dieser Website aktiv. Im Auftrag des Betreibers dieser Website wird Google diese Informationen benutzen, um Ihre Nutzung der Website auszuwerten, um Reports \u00fcber die Websiteaktivit\u00e4ten zusammenzustellen und um weitere mit der Websitenutzung und der Internetnutzung verbundene Dienstleistungen gegen\u00fcber dem Websitebetreiber zu erbringen.<\/p><p>Die im Rahmen von Google Analytics von Ihrem Browser \u00fcbermittelte IP-Adresse wird nicht mit anderen Daten von Google zusammengef\u00fchrt. Sie k\u00f6nnen die Speicherung der Cookies durch eine entsprechende Einstellung Ihrer Browser-Software verhindern; wir weisen Sie jedoch darauf hin, dass Sie in diesem Fall gegebenenfalls nicht s\u00e4mtliche Funktionen dieser Website vollumf\u00e4nglich werden nutzen k\u00f6nnen. Sie k\u00f6nnen dar\u00fcber hinaus die Erfassung der durch das Cookie erzeugten und auf Ihre Nutzung der Website bezogenen Daten (inkl. Ihrer IP-Adresse) an Google sowie die Verarbeitung dieser Daten durch Google verhindern, indem Sie das unter dem folgenden Link verf\u00fcgbare Browser-Plugin herunterladen und installieren:\u00a0<a href=\"http:\/\/tools.google.com\/dlpage\/gaoptout?hl=de\">http:\/\/tools.google.com\/dlpage\/gaoptout?hl=de<\/a>.<\/p><p>Adresse: Raiffeisenstra\u00dfe 1b, 85716 Unterschlei\u00dfheim, Germany<br \/>Telefon: +49 89 9042 1720<br \/>E-Mail: <a target=\"_new\">office@muniq-it.de<\/a><\/p>\t\t\t\t\t\t<\/div>\n\t\t\t\t<\/div>\n\t\t\t\t\t<\/div>\n\t\t\t\t<\/div>\n\t\t\t\t<\/div>\n\t\t","protected":false},"excerpt":{"rendered":"<p>Datenschutz Impressum Muniq IT Solutions GmbHRaiffeisenstra\u00dfe 1b85716 Unterschlei\u00dfheimDeutschland Telefon: 089 2000 3510E-Mail: office@muniq-group.de Gesch\u00e4ftsf\u00fchrer: Armin KaiserHandelsregister:\u00a0HRB 289310Umsatzsteuer-ID:\u00a0DE365371397 Die &#8216;Muniq Group&#8217; ist keine registrierte rechtliche Einheit. Sie stellt eine Zusammenfassung mehrerer unabh\u00e4ngiger und registrierter Unternehmen dar. Datenschutz Datenschutz Wir erheben und verwenden Ihre personenbezogenen Daten ausschlie\u00dflich im Rahmen der Bestimmungen des Datenschutzrechts der Bundesrepublik Deutschland. Im Folgenden unterrichten wir Sie \u00fcber &hellip;<\/p>\n","protected":false},"author":23,"featured_media":0,"parent":0,"menu_order":0,"comment_status":"closed","ping_status":"closed","template":"blank-builder.php","meta":{"footnotes":""},"class_list":["post-4467","page","type-page","status-publish","hentry"],"_links":{"self":[{"href":"https:\/\/muniq-group.de\/it\/wp-json\/wp\/v2\/pages\/4467","targetHints":{"allow":["GET"]}}],"collection":[{"href":"https:\/\/muniq-group.de\/it\/wp-json\/wp\/v2\/pages"}],"about":[{"href":"https:\/\/muniq-group.de\/it\/wp-json\/wp\/v2\/types\/page"}],"author":[{"embeddable":true,"href":"https:\/\/muniq-group.de\/it\/wp-json\/wp\/v2\/users\/23"}],"replies":[{"embeddable":true,"href":"https:\/\/muniq-group.de\/it\/wp-json\/wp\/v2\/comments?post=4467"}],"version-history":[{"count":40,"href":"https:\/\/muniq-group.de\/it\/wp-json\/wp\/v2\/pages\/4467\/revisions"}],"predecessor-version":[{"id":5871,"href":"https:\/\/muniq-group.de\/it\/wp-json\/wp\/v2\/pages\/4467\/revisions\/5871"}],"wp:attachment":[{"href":"https:\/\/muniq-group.de\/it\/wp-json\/wp\/v2\/media?parent=4467"}],"curies":[{"name":"wp","href":"https:\/\/api.w.org\/{rel}","templated":true}]}}